{"id":1092,"date":"2022-08-26T21:56:08","date_gmt":"2022-08-27T01:56:08","guid":{"rendered":"https:\/\/famacollective.com\/envia-tu-proyecto\/"},"modified":"2023-05-30T16:32:00","modified_gmt":"2023-05-30T20:32:00","slug":"envia-tu-proyecto","status":"publish","type":"page","link":"https:\/\/famacollective.com\/es\/envia-tu-proyecto\/","title":{"rendered":"Env\u00eda tu proyecto"},"content":{"rendered":"\t\t<div data-elementor-type=\"wp-page\" data-elementor-id=\"1092\" class=\"elementor elementor-1092 elementor-284\" data-elementor-post-type=\"page\">\n\t\t\t\t\t\t<section class=\"elementor-section elementor-top-section elementor-element elementor-element-54100ec elementor-section-full_width elementor-section-height-min-height elementor-section-items-top elementor-section-height-default\" data-id=\"54100ec\" data-element_type=\"section\" data-e-type=\"section\">\n\t\t\t\t\t\t<div class=\"elementor-container elementor-column-gap-default\">\n\t\t\t\t\t<div class=\"elementor-column elementor-col-100 elementor-top-column elementor-element elementor-element-5b9d1ec\" data-id=\"5b9d1ec\" data-element_type=\"column\" data-e-type=\"column\">\n\t\t\t<div class=\"elementor-widget-wrap elementor-element-populated\">\n\t\t\t\t\t\t<div class=\"elementor-element elementor-element-3adc981 elementor-invisible elementor-widget elementor-widget-heading\" data-id=\"3adc981\" data-element_type=\"widget\" data-e-type=\"widget\" data-settings=\"{&quot;_animation&quot;:&quot;fadeInLeft&quot;}\" data-widget_type=\"heading.default\">\n\t\t\t\t<div class=\"elementor-widget-container\">\n\t\t\t\t\t<h1 class=\"elementor-heading-title elementor-size-default\">\u00bfQuieres compartir<br>tu proyecto<br>con nosotros?<\/h1>\t\t\t\t<\/div>\n\t\t\t\t<\/div>\n\t\t\t\t\t<\/div>\n\t\t<\/div>\n\t\t\t\t\t<\/div>\n\t\t<\/section>\n\t\t\t\t<section class=\"elementor-section elementor-top-section elementor-element elementor-element-c8eff55 elementor-section-full_width elementor-section-height-default elementor-section-height-default\" data-id=\"c8eff55\" data-element_type=\"section\" data-e-type=\"section\">\n\t\t\t\t\t\t<div class=\"elementor-container elementor-column-gap-default\">\n\t\t\t\t\t<div class=\"elementor-column elementor-col-50 elementor-top-column elementor-element elementor-element-0412b8d\" data-id=\"0412b8d\" data-element_type=\"column\" data-e-type=\"column\">\n\t\t\t<div class=\"elementor-widget-wrap elementor-element-populated\">\n\t\t\t\t\t\t<div class=\"elementor-element elementor-element-58d98f0 elementor-button-align-stretch elementor-invisible elementor-widget elementor-widget-form\" data-id=\"58d98f0\" data-element_type=\"widget\" data-e-type=\"widget\" data-settings=\"{&quot;step_next_label&quot;:&quot;Siguiente&quot;,&quot;step_previous_label&quot;:&quot;Anterior&quot;,&quot;_animation&quot;:&quot;fadeInRight&quot;,&quot;button_width&quot;:&quot;100&quot;,&quot;step_type&quot;:&quot;number_text&quot;,&quot;step_icon_shape&quot;:&quot;circle&quot;}\" data-widget_type=\"form.default\">\n\t\t\t\t<div class=\"elementor-widget-container\">\n\t\t\t\t\t\t\t<form class=\"elementor-form\" method=\"post\" name=\"Env\u00eda tu proyecto\" aria-label=\"Env\u00eda tu proyecto\">\n\t\t\t<input type=\"hidden\" name=\"post_id\" value=\"1092\"\/>\n\t\t\t<input type=\"hidden\" name=\"form_id\" value=\"58d98f0\"\/>\n\t\t\t<input type=\"hidden\" name=\"referer_title\" value=\"FAMA Collective\" \/>\n\n\t\t\t\n\t\t\t<div class=\"elementor-form-fields-wrapper elementor-labels-\">\n\t\t\t\t\t\t\t\t<div class=\"elementor-field-type-text elementor-field-group elementor-column elementor-field-group-name elementor-col-33 elementor-field-required\">\n\t\t\t\t\t\t\t\t\t\t\t\t<label for=\"form-field-name\" class=\"elementor-field-label elementor-screen-only\">\n\t\t\t\t\t\t\t\tPrimer Nombre\t\t\t\t\t\t\t<\/label>\n\t\t\t\t\t\t\t\t\t\t\t\t\t\t<input size=\"1\" type=\"text\" name=\"form_fields[name]\" id=\"form-field-name\" class=\"elementor-field elementor-size-sm  elementor-field-textual\" placeholder=\"Primer Nombre *\" required=\"required\">\n\t\t\t\t\t\t\t\t\t\t\t<\/div>\n\t\t\t\t\t\t\t\t<div class=\"elementor-field-type-text elementor-field-group elementor-column elementor-field-group-field_eacaa03 elementor-col-33 elementor-field-required\">\n\t\t\t\t\t\t\t\t\t\t\t\t<label for=\"form-field-field_eacaa03\" class=\"elementor-field-label elementor-screen-only\">\n\t\t\t\t\t\t\t\t Apellido\t\t\t\t\t\t\t<\/label>\n\t\t\t\t\t\t\t\t\t\t\t\t\t\t<input size=\"1\" type=\"text\" name=\"form_fields[field_eacaa03]\" id=\"form-field-field_eacaa03\" class=\"elementor-field elementor-size-sm  elementor-field-textual\" placeholder=\" Apellido *\" required=\"required\">\n\t\t\t\t\t\t\t\t\t\t\t<\/div>\n\t\t\t\t\t\t\t\t<div class=\"elementor-field-type-email elementor-field-group elementor-column elementor-field-group-email elementor-col-33 elementor-field-required\">\n\t\t\t\t\t\t\t\t\t\t\t\t<label for=\"form-field-email\" class=\"elementor-field-label elementor-screen-only\">\n\t\t\t\t\t\t\t\tEmail\t\t\t\t\t\t\t<\/label>\n\t\t\t\t\t\t\t\t\t\t\t\t\t\t<input size=\"1\" type=\"email\" name=\"form_fields[email]\" id=\"form-field-email\" class=\"elementor-field elementor-size-sm  elementor-field-textual\" placeholder=\"Email *\" required=\"required\">\n\t\t\t\t\t\t\t\t\t\t\t<\/div>\n\t\t\t\t\t\t\t\t<div class=\"elementor-field-type-textarea elementor-field-group elementor-column elementor-field-group-message elementor-col-100 elementor-field-required\">\n\t\t\t\t\t\t\t\t\t\t\t\t<label for=\"form-field-message\" class=\"elementor-field-label elementor-screen-only\">\n\t\t\t\t\t\t\t\tMensaje\t\t\t\t\t\t\t<\/label>\n\t\t\t\t\t\t<textarea class=\"elementor-field-textual elementor-field  elementor-size-sm\" name=\"form_fields[message]\" id=\"form-field-message\" rows=\"4\" placeholder=\" Descripci\u00f3n del proyecto *\" required=\"required\"><\/textarea>\t\t\t\t<\/div>\n\t\t\t\t\t\t\t\t<div class=\"elementor-field-type-url elementor-field-group elementor-column elementor-field-group-field_a45fe3d elementor-col-33 elementor-field-required\">\n\t\t\t\t\t\t\t\t\t\t\t\t<label for=\"form-field-field_a45fe3d\" class=\"elementor-field-label elementor-screen-only\">\n\t\t\t\t\t\t\t\tSocial 1\t\t\t\t\t\t\t<\/label>\n\t\t\t\t\t\t\t\t\t\t\t\t\t\t<input size=\"1\" type=\"url\" name=\"form_fields[field_a45fe3d]\" id=\"form-field-field_a45fe3d\" class=\"elementor-field elementor-size-sm  elementor-field-textual\" placeholder=\" Sitio Web Social #1 *\" required=\"required\">\n\t\t\t\t\t\t\t\t\t\t\t<\/div>\n\t\t\t\t\t\t\t\t<div class=\"elementor-field-type-text elementor-field-group elementor-column elementor-field-group-field_62f4d06 elementor-col-33\">\n\t\t\t\t\t\t\t\t\t\t\t\t<label for=\"form-field-field_62f4d06\" class=\"elementor-field-label elementor-screen-only\">\n\t\t\t\t\t\t\t\tSocial 2\t\t\t\t\t\t\t<\/label>\n\t\t\t\t\t\t\t\t\t\t\t\t\t\t<input size=\"1\" type=\"text\" name=\"form_fields[field_62f4d06]\" id=\"form-field-field_62f4d06\" class=\"elementor-field elementor-size-sm  elementor-field-textual\" placeholder=\" Sitio Web Social #2\">\n\t\t\t\t\t\t\t\t\t\t\t<\/div>\n\t\t\t\t\t\t\t\t<div class=\"elementor-field-type-text elementor-field-group elementor-column elementor-field-group-field_05dcf78 elementor-col-33\">\n\t\t\t\t\t\t\t\t\t\t\t\t<label for=\"form-field-field_05dcf78\" class=\"elementor-field-label elementor-screen-only\">\n\t\t\t\t\t\t\t\tSocial 3\t\t\t\t\t\t\t<\/label>\n\t\t\t\t\t\t\t\t\t\t\t\t\t\t<input size=\"1\" type=\"text\" name=\"form_fields[field_05dcf78]\" id=\"form-field-field_05dcf78\" class=\"elementor-field elementor-size-sm  elementor-field-textual\" placeholder=\" Sitio Web Social #3\">\n\t\t\t\t\t\t\t\t\t\t\t<\/div>\n\t\t\t\t\t\t\t\t<div class=\"elementor-field-type-recaptcha_v3 elementor-field-group elementor-column elementor-field-group-field_f534403 elementor-col-100 recaptcha_v3-bottomright\">\n\t\t\t\t\t<div class=\"elementor-field\" id=\"form-field-field_f534403\"><div class=\"elementor-g-recaptcha\" data-sitekey=\"6LeY9gAiAAAAAJvlspza_2CehtruPD_t_qLCcrgg\" data-type=\"v3\" data-action=\"Form\" data-badge=\"bottomright\" data-size=\"invisible\"><\/div><\/div>\t\t\t\t<\/div>\n\t\t\t\t\t\t\t\t<div class=\"elementor-field-group elementor-column elementor-field-type-submit elementor-col-100 e-form__buttons\">\n\t\t\t\t\t<button class=\"elementor-button elementor-size-sm\" type=\"submit\">\n\t\t\t\t\t\t<span class=\"elementor-button-content-wrapper\">\n\t\t\t\t\t\t\t\t\t\t\t\t\t\t\t<span class=\"elementor-button-icon\">\n\t\t\t\t\t\t\t\t\t<svg aria-hidden=\"true\" class=\"e-font-icon-svg e-far-arrow-alt-circle-up\" viewBox=\"0 0 512 512\" xmlns=\"http:\/\/www.w3.org\/2000\/svg\"><path d=\"M256 504c137 0 248-111 248-248S393 8 256 8 8 119 8 256s111 248 248 248zm0-448c110.5 0 200 89.5 200 200s-89.5 200-200 200S56 366.5 56 256 145.5 56 256 56zm20 328h-40c-6.6 0-12-5.4-12-12V256h-67c-10.7 0-16-12.9-8.5-20.5l99-99c4.7-4.7 12.3-4.7 17 0l99 99c7.6 7.6 2.2 20.5-8.5 20.5h-67v116c0 6.6-5.4 12-12 12z\"><\/path><\/svg>\t\t\t\t\t\t\t\t\t\t\t\t\t\t\t\t\t<\/span>\n\t\t\t\t\t\t\t\t\t\t\t\t\t\t\t\t\t\t\t\t\t\t<span class=\"elementor-button-text\">ENVIAR<\/span>\n\t\t\t\t\t\t\t\t\t\t\t\t\t<\/span>\n\t\t\t\t\t<\/button>\n\t\t\t\t<\/div>\n\t\t\t<\/div>\n\t\t<\/form>\n\t\t\t\t\t\t<\/div>\n\t\t\t\t<\/div>\n\t\t\t\t<div class=\"elementor-element elementor-element-287944d elementor-invisible elementor-widget elementor-widget-text-editor\" data-id=\"287944d\" data-element_type=\"widget\" data-e-type=\"widget\" data-settings=\"{&quot;_animation&quot;:&quot;fadeIn&quot;}\" data-widget_type=\"text-editor.default\">\n\t\t\t\t<div class=\"elementor-widget-container\">\n\t\t\t\t\t\t\t\t\t<p>Este sitio est\u00e1 protegido por reCAPTCHA y Google <a href=\"https:\/\/policies.google.com\/privacy\">Pol\u00edtica de Privacidad<\/a> and <a href=\"https:\/\/policies.google.com\/terms\">T\u00e9rminos de Servicio<\/a> aplicar.<\/p>\n\t\t\t\t\t\t\t\t<\/div>\n\t\t\t\t<\/div>\n\t\t\t\t\t<\/div>\n\t\t<\/div>\n\t\t\t\t<div class=\"elementor-column elementor-col-50 elementor-top-column elementor-element elementor-element-57a18b2\" data-id=\"57a18b2\" data-element_type=\"column\" data-e-type=\"column\">\n\t\t\t<div class=\"elementor-widget-wrap\">\n\t\t\t\t\t\t\t<\/div>\n\t\t<\/div>\n\t\t\t\t\t<\/div>\n\t\t<\/section>\n\t\t\t\t<\/div>\n\t\t","protected":false},"excerpt":{"rendered":"<p>\u00bfQuieres compartirtu proyectocon nosotros? Este sitio est\u00e1 protegido por reCAPTCHA y Google Pol\u00edtica de Privacidad and T\u00e9rminos de Servicio aplicar.<\/p>\n","protected":false},"author":1,"featured_media":0,"parent":0,"menu_order":0,"comment_status":"closed","ping_status":"closed","template":"elementor_header_footer","meta":{"_monsterinsights_skip_tracking":false,"_monsterinsights_sitenote_active":false,"_monsterinsights_sitenote_note":"","_monsterinsights_sitenote_category":0,"site-sidebar-layout":"no-sidebar","site-content-layout":"page-builder","ast-site-content-layout":"default","site-content-style":"default","site-sidebar-style":"default","ast-global-header-display":"","ast-banner-title-visibility":"","ast-main-header-display":"","ast-hfb-above-header-display":"","ast-hfb-below-header-display":"","ast-hfb-mobile-header-display":"","site-post-title":"disabled","ast-breadcrumbs-content":"","ast-featured-img":"disabled","footer-sml-layout":"","ast-disable-related-posts":"","theme-transparent-header-meta":"default","adv-header-id-meta":"","stick-header-meta":"default","header-above-stick-meta":"","header-main-stick-meta":"","header-below-stick-meta":"","astra-migrate-meta-layouts":"default","ast-page-background-enabled":"default","ast-page-background-meta":{"desktop":{"background-color":"var(--ast-global-color-4)","background-image":"","background-repeat":"repeat","background-position":"center center","background-size":"auto","background-attachment":"scroll","background-type":"","background-media":"","overlay-type":"","overlay-color":"","overlay-opacity":"","overlay-gradient":""},"tablet":{"background-color":"","background-image":"","background-repeat":"repeat","background-position":"center center","background-size":"auto","background-attachment":"scroll","background-type":"","background-media":"","overlay-type":"","overlay-color":"","overlay-opacity":"","overlay-gradient":""},"mobile":{"background-color":"","background-image":"","background-repeat":"repeat","background-position":"center center","background-size":"auto","background-attachment":"scroll","background-type":"","background-media":"","overlay-type":"","overlay-color":"","overlay-opacity":"","overlay-gradient":""}},"ast-content-background-meta":{"desktop":{"background-color":"var(--ast-global-color-5)","background-image":"","background-repeat":"repeat","background-position":"center center","background-size":"auto","background-attachment":"scroll","background-type":"","background-media":"","overlay-type":"","overlay-color":"","overlay-opacity":"","overlay-gradient":""},"tablet":{"background-color":"var(--ast-global-color-5)","background-image":"","background-repeat":"repeat","background-position":"center center","background-size":"auto","background-attachment":"scroll","background-type":"","background-media":"","overlay-type":"","overlay-color":"","overlay-opacity":"","overlay-gradient":""},"mobile":{"background-color":"var(--ast-global-color-5)","background-image":"","background-repeat":"repeat","background-position":"center center","background-size":"auto","background-attachment":"scroll","background-type":"","background-media":"","overlay-type":"","overlay-color":"","overlay-opacity":"","overlay-gradient":""}},"footnotes":""},"class_list":["post-1092","page","type-page","status-publish","hentry"],"yoast_head":"<!-- This site is optimized with the Yoast SEO plugin v27.3 - https:\/\/yoast.com\/product\/yoast-seo-wordpress\/ -->\n<title>Env\u00eda tu proyecto - FAMA Collective<\/title>\n<meta name=\"robots\" content=\"index, follow, max-snippet:-1, max-image-preview:large, max-video-preview:-1\" \/>\n<link rel=\"canonical\" href=\"https:\/\/famacollective.com\/es\/envia-tu-proyecto\/\" \/>\n<meta property=\"og:locale\" content=\"es_ES\" \/>\n<meta property=\"og:type\" content=\"article\" \/>\n<meta property=\"og:title\" content=\"Env\u00eda tu proyecto - FAMA Collective\" \/>\n<meta property=\"og:description\" content=\"\u00bfQuieres compartirtu proyectocon nosotros? Este sitio est\u00e1 protegido por reCAPTCHA y Google Pol\u00edtica de Privacidad and T\u00e9rminos de Servicio aplicar.\" \/>\n<meta property=\"og:url\" content=\"https:\/\/famacollective.com\/es\/envia-tu-proyecto\/\" \/>\n<meta property=\"og:site_name\" content=\"FAMA Collective\" \/>\n<meta property=\"article:publisher\" content=\"https:\/\/www.facebook.com\/famacollective\" \/>\n<meta property=\"article:modified_time\" content=\"2023-05-30T20:32:00+00:00\" \/>\n<meta name=\"twitter:card\" content=\"summary_large_image\" \/>\n<meta name=\"twitter:label1\" content=\"Tiempo de lectura\" \/>\n\t<meta name=\"twitter:data1\" content=\"1 minuto\" \/>\n<script type=\"application\/ld+json\" class=\"yoast-schema-graph\">{\"@context\":\"https:\\\/\\\/schema.org\",\"@graph\":[{\"@type\":\"WebPage\",\"@id\":\"https:\\\/\\\/famacollective.com\\\/es\\\/envia-tu-proyecto\\\/\",\"url\":\"https:\\\/\\\/famacollective.com\\\/es\\\/envia-tu-proyecto\\\/\",\"name\":\"Env\u00eda tu proyecto - FAMA Collective\",\"isPartOf\":{\"@id\":\"https:\\\/\\\/famacollective.com\\\/es\\\/#website\"},\"datePublished\":\"2022-08-27T01:56:08+00:00\",\"dateModified\":\"2023-05-30T20:32:00+00:00\",\"breadcrumb\":{\"@id\":\"https:\\\/\\\/famacollective.com\\\/es\\\/envia-tu-proyecto\\\/#breadcrumb\"},\"inLanguage\":\"es\",\"potentialAction\":[{\"@type\":\"ReadAction\",\"target\":[\"https:\\\/\\\/famacollective.com\\\/es\\\/envia-tu-proyecto\\\/\"]}]},{\"@type\":\"BreadcrumbList\",\"@id\":\"https:\\\/\\\/famacollective.com\\\/es\\\/envia-tu-proyecto\\\/#breadcrumb\",\"itemListElement\":[{\"@type\":\"ListItem\",\"position\":1,\"name\":\"Home\",\"item\":\"https:\\\/\\\/famacollective.com\\\/es\\\/\"},{\"@type\":\"ListItem\",\"position\":2,\"name\":\"Env\u00eda tu proyecto\"}]},{\"@type\":\"WebSite\",\"@id\":\"https:\\\/\\\/famacollective.com\\\/es\\\/#website\",\"url\":\"https:\\\/\\\/famacollective.com\\\/es\\\/\",\"name\":\"FAMA Collective\",\"description\":\"\",\"publisher\":{\"@id\":\"https:\\\/\\\/famacollective.com\\\/es\\\/#organization\"},\"potentialAction\":[{\"@type\":\"SearchAction\",\"target\":{\"@type\":\"EntryPoint\",\"urlTemplate\":\"https:\\\/\\\/famacollective.com\\\/es\\\/?s={search_term_string}\"},\"query-input\":{\"@type\":\"PropertyValueSpecification\",\"valueRequired\":true,\"valueName\":\"search_term_string\"}}],\"inLanguage\":\"es\"},{\"@type\":\"Organization\",\"@id\":\"https:\\\/\\\/famacollective.com\\\/es\\\/#organization\",\"name\":\"FAMA Collective\",\"url\":\"https:\\\/\\\/famacollective.com\\\/es\\\/\",\"logo\":{\"@type\":\"ImageObject\",\"inLanguage\":\"es\",\"@id\":\"https:\\\/\\\/famacollective.com\\\/es\\\/#\\\/schema\\\/logo\\\/image\\\/\",\"url\":\"https:\\\/\\\/famacollective.com\\\/wp-content\\\/uploads\\\/2022\\\/09\\\/logo-fama-collective-social.jpg\",\"contentUrl\":\"https:\\\/\\\/famacollective.com\\\/wp-content\\\/uploads\\\/2022\\\/09\\\/logo-fama-collective-social.jpg\",\"width\":1500,\"height\":901,\"caption\":\"FAMA Collective\"},\"image\":{\"@id\":\"https:\\\/\\\/famacollective.com\\\/es\\\/#\\\/schema\\\/logo\\\/image\\\/\"},\"sameAs\":[\"https:\\\/\\\/www.facebook.com\\\/famacollective\",\"https:\\\/\\\/www.instagram.com\\\/fama_collective\\\/\"]}]}<\/script>\n<!-- \/ Yoast SEO plugin. -->","yoast_head_json":{"title":"Env\u00eda tu proyecto - FAMA Collective","robots":{"index":"index","follow":"follow","max-snippet":"max-snippet:-1","max-image-preview":"max-image-preview:large","max-video-preview":"max-video-preview:-1"},"canonical":"https:\/\/famacollective.com\/es\/envia-tu-proyecto\/","og_locale":"es_ES","og_type":"article","og_title":"Env\u00eda tu proyecto - FAMA Collective","og_description":"\u00bfQuieres compartirtu proyectocon nosotros? Este sitio est\u00e1 protegido por reCAPTCHA y Google Pol\u00edtica de Privacidad and T\u00e9rminos de Servicio aplicar.","og_url":"https:\/\/famacollective.com\/es\/envia-tu-proyecto\/","og_site_name":"FAMA Collective","article_publisher":"https:\/\/www.facebook.com\/famacollective","article_modified_time":"2023-05-30T20:32:00+00:00","twitter_card":"summary_large_image","twitter_misc":{"Tiempo de lectura":"1 minuto"},"schema":{"@context":"https:\/\/schema.org","@graph":[{"@type":"WebPage","@id":"https:\/\/famacollective.com\/es\/envia-tu-proyecto\/","url":"https:\/\/famacollective.com\/es\/envia-tu-proyecto\/","name":"Env\u00eda tu proyecto - FAMA Collective","isPartOf":{"@id":"https:\/\/famacollective.com\/es\/#website"},"datePublished":"2022-08-27T01:56:08+00:00","dateModified":"2023-05-30T20:32:00+00:00","breadcrumb":{"@id":"https:\/\/famacollective.com\/es\/envia-tu-proyecto\/#breadcrumb"},"inLanguage":"es","potentialAction":[{"@type":"ReadAction","target":["https:\/\/famacollective.com\/es\/envia-tu-proyecto\/"]}]},{"@type":"BreadcrumbList","@id":"https:\/\/famacollective.com\/es\/envia-tu-proyecto\/#breadcrumb","itemListElement":[{"@type":"ListItem","position":1,"name":"Home","item":"https:\/\/famacollective.com\/es\/"},{"@type":"ListItem","position":2,"name":"Env\u00eda tu proyecto"}]},{"@type":"WebSite","@id":"https:\/\/famacollective.com\/es\/#website","url":"https:\/\/famacollective.com\/es\/","name":"FAMA Collective","description":"","publisher":{"@id":"https:\/\/famacollective.com\/es\/#organization"},"potentialAction":[{"@type":"SearchAction","target":{"@type":"EntryPoint","urlTemplate":"https:\/\/famacollective.com\/es\/?s={search_term_string}"},"query-input":{"@type":"PropertyValueSpecification","valueRequired":true,"valueName":"search_term_string"}}],"inLanguage":"es"},{"@type":"Organization","@id":"https:\/\/famacollective.com\/es\/#organization","name":"FAMA Collective","url":"https:\/\/famacollective.com\/es\/","logo":{"@type":"ImageObject","inLanguage":"es","@id":"https:\/\/famacollective.com\/es\/#\/schema\/logo\/image\/","url":"https:\/\/famacollective.com\/wp-content\/uploads\/2022\/09\/logo-fama-collective-social.jpg","contentUrl":"https:\/\/famacollective.com\/wp-content\/uploads\/2022\/09\/logo-fama-collective-social.jpg","width":1500,"height":901,"caption":"FAMA Collective"},"image":{"@id":"https:\/\/famacollective.com\/es\/#\/schema\/logo\/image\/"},"sameAs":["https:\/\/www.facebook.com\/famacollective","https:\/\/www.instagram.com\/fama_collective\/"]}]}},"_links":{"self":[{"href":"https:\/\/famacollective.com\/es\/wp-json\/wp\/v2\/pages\/1092","targetHints":{"allow":["GET"]}}],"collection":[{"href":"https:\/\/famacollective.com\/es\/wp-json\/wp\/v2\/pages"}],"about":[{"href":"https:\/\/famacollective.com\/es\/wp-json\/wp\/v2\/types\/page"}],"author":[{"embeddable":true,"href":"https:\/\/famacollective.com\/es\/wp-json\/wp\/v2\/users\/1"}],"replies":[{"embeddable":true,"href":"https:\/\/famacollective.com\/es\/wp-json\/wp\/v2\/comments?post=1092"}],"version-history":[{"count":24,"href":"https:\/\/famacollective.com\/es\/wp-json\/wp\/v2\/pages\/1092\/revisions"}],"predecessor-version":[{"id":2191,"href":"https:\/\/famacollective.com\/es\/wp-json\/wp\/v2\/pages\/1092\/revisions\/2191"}],"wp:attachment":[{"href":"https:\/\/famacollective.com\/es\/wp-json\/wp\/v2\/media?parent=1092"}],"curies":[{"name":"wp","href":"https:\/\/api.w.org\/{rel}","templated":true}]}}